{"id":106,"date":"2025-04-04T21:52:27","date_gmt":"2025-04-04T19:52:27","guid":{"rendered":"https:\/\/www.soter-conseil.fr\/?page_id=106"},"modified":"2025-04-04T21:52:27","modified_gmt":"2025-04-04T19:52:27","slug":"rssi-externalise","status":"publish","type":"page","link":"https:\/\/www.soter-conseil.fr\/?page_id=106","title":{"rendered":"RSSI externalis\u00e9"},"content":{"rendered":"\n<figure class=\"wp-block-image size-large is-resized\"><img loading=\"lazy\" decoding=\"async\" width=\"1024\" height=\"819\" src=\"https:\/\/www.soter-conseil.fr\/wp-content\/uploads\/2025\/04\/rssi-1024x819.png\" alt=\"\" class=\"wp-image-108\" style=\"width:383px;height:auto\" srcset=\"https:\/\/www.soter-conseil.fr\/wp-content\/uploads\/2025\/04\/rssi-1024x819.png 1024w, https:\/\/www.soter-conseil.fr\/wp-content\/uploads\/2025\/04\/rssi-300x240.png 300w, https:\/\/www.soter-conseil.fr\/wp-content\/uploads\/2025\/04\/rssi-768x614.png 768w, https:\/\/www.soter-conseil.fr\/wp-content\/uploads\/2025\/04\/rssi.png 1087w\" sizes=\"auto, (max-width: 1024px) 100vw, 1024px\" \/><\/figure>\n\n\n\n<p>Responsable de la S\u00e9curit\u00e9 des Syst\u00e8mes d&#8217;Information &#8230; vaste programme !<\/p>\n\n\n\n<p>Le RSSI est une des cl\u00e9s de la s\u00e9curit\u00e9 de l&#8217;entreprise. Parcequ&#8217;il couvre une fonction indispensable, mais que toutes les entreprises n&#8217;ont pas n\u00e9cessairement pourvu un poste  de RSSI, nous proposons de couvrir cette fonction pour un volume de travail adapt\u00e9 aux contraintes et aux besoins. Il n&#8217;est ni DSI, ni prestataire informatique.<\/p>\n\n\n\n<p>Il d\u00e9finit une politique de protection de l&#8217;information et s&#8217;assure qu&#8217;elle est correctement appliqu\u00e9e. <\/p>\n\n\n\n<p>Il assure la sensibilisation des personnels aux diff\u00e9rents risques<\/p>\n\n\n\n<p>Son but : r\u00e9duire le risque informatique, \u00e9viter le vol d&#8217;information, <\/p>\n\n\n\n<p>Son r\u00f4le<\/p>\n\n\n\n<p>Notre expertise du sujet et notre connaissance de l&#8217;entreprise nous permet de proposer des solutions efficaces et adapt\u00e9es aux contraintes op\u00e9rationnelles et ajust\u00e9es aux besoins r\u00e9els de s\u00e9curit\u00e9. . Convaincus que trop de <\/p>\n","protected":false},"excerpt":{"rendered":"<p>Responsable de la S\u00e9curit\u00e9 des Syst\u00e8mes d&#8217;Information &#8230; vaste programme !<\/p>\n<p>Le RSSI est une des cl\u00e9s de la s\u00e9curit\u00e9 de l&#8217;entreprise. Parcequ&#8217;il couvre une fonction indispensable, mais que toutes les &#8230;<\/p>\n","protected":false},"author":1,"featured_media":0,"parent":0,"menu_order":0,"comment_status":"closed","ping_status":"closed","template":"","meta":{"iawp_total_views":3,"footnotes":""},"class_list":["post-106","page","type-page","status-publish","hentry"],"_links":{"self":[{"href":"https:\/\/www.soter-conseil.fr\/index.php?rest_route=\/wp\/v2\/pages\/106","targetHints":{"allow":["GET"]}}],"collection":[{"href":"https:\/\/www.soter-conseil.fr\/index.php?rest_route=\/wp\/v2\/pages"}],"about":[{"href":"https:\/\/www.soter-conseil.fr\/index.php?rest_route=\/wp\/v2\/types\/page"}],"author":[{"embeddable":true,"href":"https:\/\/www.soter-conseil.fr\/index.php?rest_route=\/wp\/v2\/users\/1"}],"replies":[{"embeddable":true,"href":"https:\/\/www.soter-conseil.fr\/index.php?rest_route=%2Fwp%2Fv2%2Fcomments&post=106"}],"version-history":[{"count":1,"href":"https:\/\/www.soter-conseil.fr\/index.php?rest_route=\/wp\/v2\/pages\/106\/revisions"}],"predecessor-version":[{"id":110,"href":"https:\/\/www.soter-conseil.fr\/index.php?rest_route=\/wp\/v2\/pages\/106\/revisions\/110"}],"wp:attachment":[{"href":"https:\/\/www.soter-conseil.fr\/index.php?rest_route=%2Fwp%2Fv2%2Fmedia&parent=106"}],"curies":[{"name":"wp","href":"https:\/\/api.w.org\/{rel}","templated":true}]}}