{"id":121,"date":"2025-04-28T23:59:43","date_gmt":"2025-04-28T21:59:43","guid":{"rendered":"https:\/\/www.soter-conseil.fr\/?page_id=121"},"modified":"2025-05-21T22:39:27","modified_gmt":"2025-05-21T20:39:27","slug":"gestion-de-projet","status":"publish","type":"page","link":"https:\/\/www.soter-conseil.fr\/?page_id=121","title":{"rendered":"Aide \u00e0 la gestion de projet"},"content":{"rendered":"\n<p>Souvent confront\u00e9s \u00e0 la question de priorisation des projets dans le cadre, par exemple, de la mise en oeuvre de plans de s\u00e9curisation globale, nous avons d\u00e9velopp\u00e9 un outil sans pr\u00e9tention d&#8217;aide \u00e0 l&#8217;\u00e9valuation des priorit\u00e9s, que nous vous proposons ici. <\/p>\n\n\n\n<!DOCTYPE html>\r\n<html lang=\"fr\">\r\n<head>\r\n  <meta charset=\"UTF-8\">\r\n  <meta name=\"viewport\" content=\"width=device-width, initial-scale=1.0\">\r\n  <title>\u00c9valuation des Projets de S\u00e9curit\u00e9<\/title>\r\n \r\n  <script src=\"https:\/\/cdnjs.cloudflare.com\/ajax\/libs\/xlsx\/0.17.1\/xlsx.full.min.js\"><\/script>\r\n  \r\n<\/head>\r\n\r\n<body>\r\n\r\n  <h1>\u00c9valuation des Projets de S\u00e9curit\u00e9<\/h1>\r\n\r\n  <p class=\"import-info\">\r\n    Vous pouvez importer un fichier Excel ou saisir vos projets manuellement.\r\n  <\/p>\r\n\r\n  <div class=\"import-info\">\r\n    <button type=\"button\" id=\"uploadButton\">T\u00e9l\u00e9charger un fichier Excel<\/button>\r\n    <input type=\"file\" id=\"excel-file\" style=\"display:none\" accept=\".xlsx, .xls\">\r\n  <\/div>\r\n\r\n <!--appel \u00e0 validation de l'adresse de messagerie - ancienne version\r\n <div id=\"auth-notice\" style=\"text-align: center; margin-bottom: 15px;\">\r\n  <p style=\"color: #444;\">Pour utiliser les fonctions avanc\u00e9es (import\/export\/modification), veuillez valider votre adresse email.<\/p>\r\n  <button id=\"start-auth\" style=\"background-color: #007bff; color: white; border: none; padding: 10px 20px; border-radius: 5px; cursor: pointer;\">\r\n    S'enregistrer\r\n  <\/button>\r\n<\/div>\r\nfin de la s\u00e9quence V5--> \r\n\r\n<!-- Appel \u00e0 validation de l'adresse de messagerie -->\r\n<div id=\"verification-banner-container\">\r\n  <div id=\"verification-banner\" style=\"text-align: center; margin-bottom: 15px;\">\r\n    <p style=\"color: #444;\">\r\n      Pour utiliser les fonctions avanc\u00e9es (import\/export\/modification), veuillez valider votre adresse email.\r\n    <\/p>\r\n    <button id=\"verifyEmailButton\" style=\"background-color: #007bff; color: white; border: none; padding: 10px 20px; border-radius: 5px; cursor: pointer;\">\r\n      S'enregistrer\r\n    <\/button>\r\n  <\/div>\r\n<\/div>\r\n\r\n\r\n  <form id=\"projectForm\" class=\"form-container\">\r\n    <div class=\"form-row\">\r\n      <input type=\"text\" id=\"name\" placeholder=\"Nom du projet\" required>\r\n      <input type=\"number\" id=\"cost\" placeholder=\"Co\u00fbt (\u20ac)\" step=\"0.01\" required>\r\n      <input type=\"number\" id=\"duration\" placeholder=\"Dur\u00e9e (mois)\" step=\"0.01\" required>\r\n    <\/div>\r\n    <div class=\"form-row\">\r\n      <input type=\"number\" id=\"criticality\" placeholder=\"Criticit\u00e9\" min=\"1\" max=\"5\" required>\r\n      <input type=\"number\" id=\"complexity\" placeholder=\"Complexit\u00e9\" min=\"1\" max=\"5\" required>\r\n      <input type=\"number\" id=\"urgency\" placeholder=\"Urgence\" min=\"1\" max=\"5\" required>\r\n    <\/div>\r\n    <!--<div class=\"button-section\">\r\n      <button type=\"submit\">Ajouter projet<\/button>\r\n      <button type=\"button\" onclick=\"clearAllProjects()\">Effacer tous les projets<\/button>\r\n      <button type=\"button\" id=\"exportButton\" onclick=\"exportProjectsToExcel()\">Exporter les projets<\/button>\r\n      <button type=\"button\" id=\"setWeightsButton\">D\u00e9finir les pond\u00e9rations<\/button>\r\n      <button id=\"resetWeightsButton\" type=\"button\" onclick=\"resetWeightsToDefault()\">R\u00e9initialiser les pond\u00e9rations<\/button>\r\n\r\n    <\/div>-->\r\n\r\n    <div class=\"button-panel\">\r\n      <button type=\"submit\">Charger le projet<\/button>\r\n      <button type=\"button\" onclick=\"clearAllProjects()\">Effacer tous les projets<\/button>\r\n      <button type=\"button\" id=\"exportButton\" onclick=\"exportProjectsToExcel()\">Exporter les projets<\/button>\r\n      <button type=\"button\" id=\"setWeightsButton\">D\u00e9finir les pond\u00e9rations<\/button>\r\n      <button type=\"button\" id=\"resetWeightsButton\" onclick=\"resetWeightsToDefault()\">R\u00e9initialiser les pond\u00e9rations<\/button>\r\n    <\/div>\r\n    \r\n\r\n    <div id=\"currentWeights\" class=\"weights-display\"><\/div>\r\n\r\n  <\/form>\r\n\r\n  <h2>Projets enregistr\u00e9s<\/h2>\r\n  <p style=\"text-align: center; margin-top: 20px; font-style: italic;\">pr\u00e9sent\u00e9s par ordre de priorit\u00e9 d\u00e9croissante<\/p>\r\n\r\n  <table id=\"projectsTable\">\r\n    <thead>\r\n        <tr>\r\n          <th>Nom<\/th>\r\n          <th>Co\u00fbt (\u20ac)<\/th>\r\n          <th>Dur\u00e9e (mois)<\/th>\r\n          <th>Criticit\u00e9<\/th>\r\n          <th>Complexit\u00e9<\/th>\r\n          <th>Urgence<\/th>\r\n          <!--<th>Co\u00fbt normalis\u00e9<\/th> -->\r\n          <!--<th>Dur\u00e9e normalis\u00e9e<\/th> -->\r\n          <!--<th>\u00c9valuation brute<\/th> -->\r\n          <th>Priorit\u00e9<\/th>\r\n          <th>Co\u00fbt cumul\u00e9<\/th>\r\n          <th>Actions<\/th>\r\n        <\/tr>\r\n      <\/thead>\r\n\r\n    \r\n    <tbody>\r\n    <\/tbody>\r\n  <\/table>\r\n\r\n  <!-- Zone pour les cartes sur mobile -->\r\n  <div class=\"cards-container\"><\/div>\r\n  <script src=\"https:\/\/cdnjs.cloudflare.com\/ajax\/libs\/xlsx\/0.17.1\/xlsx.full.min.js\"><\/script>\r\n<\/body>\r\n<\/html>\r\n\n\n\n\n<div class=\"wp-block-columns is-layout-flex wp-container-core-columns-is-layout-9d6595d7 wp-block-columns-is-layout-flex\">\n<div class=\"wp-block-column is-layout-flow wp-block-column-is-layout-flow\" style=\"flex-basis:100%\">\n<p>t\u00e9l\u00e9charger ci dessous la version application pour Android :<\/p>\n\n\n\n<div class=\"wp-block-file\"><a id=\"wp-block-file--media-6f83ca18-14f1-4c40-a01a-301a769ec5dd\" href=\"https:\/\/www.soter-conseil.fr\/wp-content\/uploads\/2025\/05\/PrioProject-1.apk\">PrioProject-1<\/a><a href=\"https:\/\/www.soter-conseil.fr\/wp-content\/uploads\/2025\/05\/PrioProject-1.apk\" class=\"wp-block-file__button wp-element-button\" download aria-describedby=\"wp-block-file--media-6f83ca18-14f1-4c40-a01a-301a769ec5dd\">T\u00e9l\u00e9charger<\/a><\/div>\n<\/div>\n<\/div>\n\n\n\n<p><\/p>\n","protected":false},"excerpt":{"rendered":"<p>Souvent confront\u00e9s \u00e0 la question de priorisation des projets dans le cadre, par exemple, de la mise en oeuvre de plans de s\u00e9curisation globale, nous avons d\u00e9velopp\u00e9 un outil sans &#8230;<\/p>\n","protected":false},"author":1,"featured_media":0,"parent":0,"menu_order":0,"comment_status":"closed","ping_status":"closed","template":"","meta":{"iawp_total_views":60,"footnotes":""},"class_list":["post-121","page","type-page","status-publish","hentry"],"_links":{"self":[{"href":"https:\/\/www.soter-conseil.fr\/index.php?rest_route=\/wp\/v2\/pages\/121","targetHints":{"allow":["GET"]}}],"collection":[{"href":"https:\/\/www.soter-conseil.fr\/index.php?rest_route=\/wp\/v2\/pages"}],"about":[{"href":"https:\/\/www.soter-conseil.fr\/index.php?rest_route=\/wp\/v2\/types\/page"}],"author":[{"embeddable":true,"href":"https:\/\/www.soter-conseil.fr\/index.php?rest_route=\/wp\/v2\/users\/1"}],"replies":[{"embeddable":true,"href":"https:\/\/www.soter-conseil.fr\/index.php?rest_route=%2Fwp%2Fv2%2Fcomments&post=121"}],"version-history":[{"count":92,"href":"https:\/\/www.soter-conseil.fr\/index.php?rest_route=\/wp\/v2\/pages\/121\/revisions"}],"predecessor-version":[{"id":352,"href":"https:\/\/www.soter-conseil.fr\/index.php?rest_route=\/wp\/v2\/pages\/121\/revisions\/352"}],"wp:attachment":[{"href":"https:\/\/www.soter-conseil.fr\/index.php?rest_route=%2Fwp%2Fv2%2Fmedia&parent=121"}],"curies":[{"name":"wp","href":"https:\/\/api.w.org\/{rel}","templated":true}]}}