{"id":31,"date":"2025-03-22T17:20:26","date_gmt":"2025-03-22T16:20:26","guid":{"rendered":"http:\/\/www.soter-conseil.fr\/?page_id=31"},"modified":"2026-02-06T10:59:38","modified_gmt":"2026-02-06T09:59:38","slug":"qui-sommes-nous","status":"publish","type":"page","link":"https:\/\/www.soter-conseil.fr\/?page_id=31","title":{"rendered":"Qui sommes nous ?"},"content":{"rendered":"\n<div class=\"wp-block-group has-white-background-color has-background\"><div class=\"wp-block-group__inner-container is-layout-constrained wp-block-group-is-layout-constrained\">\n<div class=\"wp-block-group has-cyan-bluish-gray-background-color has-background\"><div class=\"wp-block-group__inner-container is-layout-constrained wp-block-group-is-layout-constrained\">\n<p>Des professionnels exp\u00e9riment\u00e9s, unis par des valeurs partag\u00e9es et une vision commune de la s\u00e9curit\u00e9.<\/p>\n\n\n\n<p>Nous sommes issus des services de renseignements, de grands groupes de services et des m\u00e9tiers du conseil et de la s\u00e9curit\u00e9. Nous avons r\u00e9alis\u00e9 des prestations pour de nombreuses TPE et PME, pour des collectivit\u00e9s territoriales, pour des OIV et de grands groupes industriels.<\/p>\n\n\n\n<p>Forg\u00e9s par ces exp\u00e9riences professionnelles compl\u00e9mentaires et convergentes, nous avons d\u00e9velopp\u00e9 une vision globale de la s\u00e9curit\u00e9. Notre approche est pragmatique et concr\u00e8te et nous n&#8217;avons qu&#8217;une seule certitude : la s\u00e9curit\u00e9 doit \u00eatre un facteur de performance \u00e9conomique et qualitative pour nos clients.<\/p>\n\n\n\n<p>Nous connaissons bien, par notre pratique, les responsabilit\u00e9s des d\u00e9cideurs, les enjeux et la r\u00e9glementation de chaque acteur. Nous mettons donc en place une d\u00e9marche compl\u00e8te et adapt\u00e9e pour \u00e9clairer vos choix, construire les dispositifs les plus ajust\u00e9s, accompagner leur mise en \u0153uvre et optimiser leur exploitation.<\/p>\n<\/div><\/div>\n\n\n\n<div class=\"wp-block-columns has-white-background-color has-background is-layout-flex wp-container-core-columns-is-layout-9d6595d7 wp-block-columns-is-layout-flex\">\n<div class=\"wp-block-column is-layout-flow wp-block-column-is-layout-flow\">\n<div class=\"wp-block-group\"><div class=\"wp-block-group__inner-container is-layout-constrained wp-block-group-is-layout-constrained\">\n<h3 class=\"wp-block-heading has-text-align-center\">Valeurs<\/h3>\n\n\n\n<p class=\"has-text-align-left\"><br><strong>Ethique<\/strong>&nbsp;: moralit\u00e9 et d\u00e9ontologie guident notre conduite et nos interventions<\/p>\n\n\n\n<p><strong>Pragmatisme<\/strong>&nbsp;: le r\u00e9alisme issu de nos exp\u00e9riences guide toutes nos r\u00e9flexions et propositions<\/p>\n\n\n\n<p><strong>Rigueur et exigence<\/strong>&nbsp;: synonyme de fiabilit\u00e9 et de qualit\u00e9, garantie de satisfaction  pour nos clients, <\/p>\n\n\n\n<p><strong>Bienveillance<\/strong>&nbsp;: proximit\u00e9 et relation de confiance avec nos clients nous permettent de les aider et de les accompagner vers leur r\u00e9ussite, dans le respect de leurs m\u00e9thodes et culture d\u2019entreprise.<\/p>\n\n\n\n<p><strong>Engagement et sens de la mission&nbsp;<\/strong>: au del\u00e0 du contrat juridique, nous nous consid\u00e9rons li\u00e9s \u00e0 nos clients et partenaires par un contrat moral, qui nous engage \u00e0 tout mettre en oeuvre pour la r\u00e9ussite de la mission qui nous et confi\u00e9e.<br><br><\/p>\n<\/div><\/div>\n<\/div>\n\n\n\n<div class=\"wp-block-column is-layout-flow wp-block-column-is-layout-flow\">\n<h3 class=\"wp-block-heading has-text-align-center\">Vision<\/h3>\n\n\n\n<p class=\"has-text-align-center\"><strong>En quelques mots :<\/strong><\/p>\n\n\n\n<p class=\"has-text-align-center\"><br>Au del\u00e0 des aspects techniques et organisationnels, la s\u00e9curit\u00e9 d&#8217;un syst\u00e8me repose sur la maitrise de l&#8217;information et la performance du facteur humain.<br>Le dispositif de d\u00e9fense doit \u00eatre avant tout efficace. <br><strong>&#8212;<\/strong><br>La th\u00e9orie est une chose, mais elle n&#8217;est pas une fin en soi. Elle ne peut s&#8217;affranchir de l&#8217;exp\u00e9rience et de la r\u00e9flexion op\u00e9rationnelle<br><strong>&#8212;<\/strong><br>La gestion globale des risques doit faire partie du syst\u00e8me de management des organisations.<br>Elle adresse simultan\u00e9ment la s\u00fbret\u00e9, la s\u00e9curit\u00e9 et la cybers\u00e9curit\u00e9 et int\u00e8gre les trois composantes humaine, technique et organisationnelle.<\/p>\n<\/div>\n<\/div>\n<\/div><\/div>\n\n\n\n<div class=\"wp-block-group has-background\" style=\"background-color:#abb7c273\"><div class=\"wp-block-group__inner-container is-layout-constrained wp-block-group-is-layout-constrained\">\n<h2 class=\"wp-block-heading\">Olivier DEBROSSE<\/h2>\n\n\n\n<div class=\"wp-block-group is-content-justification-space-between is-nowrap is-layout-flex wp-container-core-group-is-layout-0dfbf163 wp-block-group-is-layout-flex\">\n<div class=\"wp-block-group is-vertical is-layout-flex wp-container-core-group-is-layout-8cf370e7 wp-block-group-is-layout-flex\">\n<h4 class=\"wp-block-heading\">parcours<\/h4>\n\n\n\n<ul class=\"wp-block-list\">\n<li>15 ans dans le renseignement (DRM, DGSE)<\/li>\n\n\n\n<li>RSSI et Officier de s\u00e9curit\u00e9 d&#8217;un groupe international de service<\/li>\n\n\n\n<li>Conf\u00e9rencier<\/li>\n\n\n\n<li>Intervenant en enseignement sup\u00e9rieur (Master &#8211; gestion des connaissances &#8211; gestion des risques dans l&#8217;\u00e9v\u00e8nementiel)<\/li>\n<\/ul>\n<\/div>\n\n\n\n<figure class=\"wp-block-image size-full is-resized\"><img loading=\"lazy\" decoding=\"async\" width=\"1386\" height=\"1109\" src=\"https:\/\/www.soter-conseil.fr\/wp-content\/uploads\/2025\/03\/od.jpg\" alt=\"\" class=\"wp-image-33\" style=\"width:263px;height:auto\" srcset=\"https:\/\/www.soter-conseil.fr\/wp-content\/uploads\/2025\/03\/od.jpg 1386w, https:\/\/www.soter-conseil.fr\/wp-content\/uploads\/2025\/03\/od-300x240.jpg 300w, https:\/\/www.soter-conseil.fr\/wp-content\/uploads\/2025\/03\/od-1024x819.jpg 1024w, https:\/\/www.soter-conseil.fr\/wp-content\/uploads\/2025\/03\/od-768x615.jpg 768w\" sizes=\"auto, (max-width: 1386px) 100vw, 1386px\" \/><\/figure>\n<\/div>\n\n\n\n<div class=\"wp-block-group\"><div class=\"wp-block-group__inner-container is-layout-constrained wp-block-group-is-layout-constrained\">\n<h4 class=\"wp-block-heading\">Comp\u00e9tences<\/h4>\n\n\n\n<ul class=\"wp-block-list\">\n<li>analyse et ma\u00eetrise des risques<\/li>\n\n\n\n<li>Gestion et protection de l&#8217;information<\/li>\n\n\n\n<li>Gestion de crise<\/li>\n\n\n\n<li>Cyber s\u00e9curit\u00e9<\/li>\n\n\n\n<li>Organisation de la protection des infrastructures<\/li>\n<\/ul>\n<\/div><\/div>\n\n\n\n<p><em>Olivier sait \u00eatre \u00e0 l&#8217;\u00e9coute. R\u00e9actif et d\u00e9termin\u00e9, il sait g\u00e9rer la pression. Il poss\u00e8de une forte capacit\u00e9 d&#8217;analyse et propose une vision large et transverse des situations, qui n&#8217;exclut pas le sens du d\u00e9tail. <\/em><\/p>\n<\/div><\/div>\n\n\n\n<div class=\"wp-block-group has-background\" style=\"background-color:#abb7c2e8\"><div class=\"wp-block-group__inner-container is-layout-constrained wp-block-group-is-layout-constrained\">\n<h2 class=\"wp-block-heading\">Norbert FILLEUIL<\/h2>\n\n\n\n<div class=\"wp-block-group is-content-justification-space-between is-nowrap is-layout-flex wp-container-core-group-is-layout-0dfbf163 wp-block-group-is-layout-flex\">\n<div class=\"wp-block-group is-vertical is-layout-flex wp-container-core-group-is-layout-8cf370e7 wp-block-group-is-layout-flex\">\n<h4 class=\"wp-block-heading\">parcours<\/h4>\n\n\n\n<ul class=\"wp-block-list\">\n<li>Moniteur au CNEC<\/li>\n\n\n\n<li>Professeur d&#8217;arts martiaux<\/li>\n\n\n\n<li>Professionnel de la protection rapproch\u00e9e<\/li>\n<\/ul>\n<\/div>\n\n\n\n<figure class=\"wp-block-image size-full is-resized\"><img loading=\"lazy\" decoding=\"async\" width=\"605\" height=\"484\" src=\"https:\/\/www.soter-conseil.fr\/wp-content\/uploads\/2025\/03\/nf.jpg\" alt=\"\" class=\"wp-image-32\" style=\"width:263px;height:auto\" srcset=\"https:\/\/www.soter-conseil.fr\/wp-content\/uploads\/2025\/03\/nf.jpg 605w, https:\/\/www.soter-conseil.fr\/wp-content\/uploads\/2025\/03\/nf-300x240.jpg 300w\" sizes=\"auto, (max-width: 605px) 100vw, 605px\" \/><\/figure>\n<\/div>\n\n\n\n<div class=\"wp-block-group\"><div class=\"wp-block-group__inner-container is-layout-constrained wp-block-group-is-layout-constrained\">\n<div class=\"wp-block-group\"><div class=\"wp-block-group__inner-container is-layout-constrained wp-block-group-is-layout-constrained\">\n<h4 class=\"wp-block-heading\">Comp\u00e9tences<\/h4>\n\n\n\n<ul class=\"wp-block-list\">\n<li>gestion de conflit<\/li>\n\n\n\n<li>Audit des dispositifs de protection physiques des sites industriels<\/li>\n<\/ul>\n<\/div><\/div>\n<\/div><\/div>\n\n\n\n<p class=\"has-text-align-center\"><em>Norbert a adapt\u00e9 ses comp\u00e9tences op\u00e9rationnelles et ses qualit\u00e9s humaines au monde de l&#8217;entreprise.<\/em> <em>Rigoureux et efficace, il reste serein dans les situations difficiles<\/em><\/p>\n\n\n\n<p class=\"has-text-align-center has-vivid-red-color has-text-color has-link-color wp-elements-b048f63f805480edc21c05a88fcee00c\"><br><strong>Norbert a r\u00e9cemment pris une retraite m\u00e9rit\u00e9e, mais il reste disponible pour nous \u00e9clairer des ses conseils avis\u00e9s <\/strong><\/p>\n<\/div><\/div>\n\n\n\n<p><\/p>\n","protected":false},"excerpt":{"rendered":"<p>Des professionnels exp\u00e9riment\u00e9s, unis par des valeurs partag\u00e9es et une vision commune de la s\u00e9curit\u00e9.<\/p>\n<p>Nous sommes issus des services de renseignements, de grands groupes de services et des m\u00e9tiers du &#8230;<\/p>\n","protected":false},"author":1,"featured_media":0,"parent":0,"menu_order":0,"comment_status":"closed","ping_status":"closed","template":"","meta":{"iawp_total_views":27,"footnotes":""},"class_list":["post-31","page","type-page","status-publish","hentry"],"_links":{"self":[{"href":"https:\/\/www.soter-conseil.fr\/index.php?rest_route=\/wp\/v2\/pages\/31","targetHints":{"allow":["GET"]}}],"collection":[{"href":"https:\/\/www.soter-conseil.fr\/index.php?rest_route=\/wp\/v2\/pages"}],"about":[{"href":"https:\/\/www.soter-conseil.fr\/index.php?rest_route=\/wp\/v2\/types\/page"}],"author":[{"embeddable":true,"href":"https:\/\/www.soter-conseil.fr\/index.php?rest_route=\/wp\/v2\/users\/1"}],"replies":[{"embeddable":true,"href":"https:\/\/www.soter-conseil.fr\/index.php?rest_route=%2Fwp%2Fv2%2Fcomments&post=31"}],"version-history":[{"count":27,"href":"https:\/\/www.soter-conseil.fr\/index.php?rest_route=\/wp\/v2\/pages\/31\/revisions"}],"predecessor-version":[{"id":376,"href":"https:\/\/www.soter-conseil.fr\/index.php?rest_route=\/wp\/v2\/pages\/31\/revisions\/376"}],"wp:attachment":[{"href":"https:\/\/www.soter-conseil.fr\/index.php?rest_route=%2Fwp%2Fv2%2Fmedia&parent=31"}],"curies":[{"name":"wp","href":"https:\/\/api.w.org\/{rel}","templated":true}]}}