{"id":6,"date":"2025-03-22T00:58:53","date_gmt":"2025-03-21T23:58:53","guid":{"rendered":"http:\/\/www.soter-conseil.fr\/?page_id=6"},"modified":"2026-02-06T10:50:06","modified_gmt":"2026-02-06T09:50:06","slug":"accueil","status":"publish","type":"page","link":"https:\/\/www.soter-conseil.fr\/","title":{"rendered":"Accueil"},"content":{"rendered":"\n<div class=\"wp-block-group alignfull\"><div class=\"wp-block-group__inner-container is-layout-constrained wp-block-group-is-layout-constrained\">\n<p><\/p>\n\n\n\n<h2 class=\"wp-block-heading alignfull\">NOTRE EXPERTISE :<\/h2>\n\n\n\n<p>Maitrise des risques, protection de l&#8217;information, s\u00e9curit\u00e9 \u00e9conomique<\/p>\n<\/div><\/div>\n\n\n\n<div class=\"wp-block-group alignfull\"><div class=\"wp-block-group__inner-container is-layout-constrained wp-block-group-is-layout-constrained\">\n<h2 class=\"wp-block-heading alignfull\">NOS MISSIONS : <\/h2>\n\n\n\n<ul class=\"wp-block-list\">\n<li>RSSI externalis\u00e9,<\/li>\n\n\n\n<li>Audit de s\u00e9curit\u00e9 physique,<\/li>\n\n\n\n<li>Contre ing\u00e9rence,<\/li>\n\n\n\n<li>Organisation et pilotage de la s\u00e9curit\u00e9 de l&#8217;entreprise,<\/li>\n\n\n\n<li>Gestion de crise<\/li>\n<\/ul>\n<\/div><\/div>\n\n\n\n<div class=\"wp-block-group alignfull\"><div class=\"wp-block-group__inner-container is-layout-constrained wp-block-group-is-layout-constrained\">\n<h2 class=\"wp-block-heading alignfull\">NOS CLIENTS<\/h2>\n\n\n\n<p>PME et PMI industrielles, ERP, transport et logistique, toutes structures en secteur sensible<\/p>\n<\/div><\/div>\n\n\n\n<p><\/p>\n\n\n\n<p><\/p>\n","protected":false},"excerpt":{"rendered":"<p>NOTRE EXPERTISE :<\/p>\n<p>Maitrise des risques, protection de l&#8217;information, s\u00e9curit\u00e9 \u00e9conomique<\/p>\n<p>NOS MISSIONS : <\/p>\n<p>RSSI externalis\u00e9,<\/p>\n<p>Audit de s\u00e9curit\u00e9 physique,<\/p>\n<p>Contre ing\u00e9rence,<\/p>\n<p>Organisation et pilotage de la s\u00e9curit\u00e9 de l&#8217;entreprise,<\/p>\n<p>Gestion de crise<\/p>\n<p>NOS CLIENTS<\/p>\n<p>PME et PMI &#8230;<\/p>\n","protected":false},"author":1,"featured_media":0,"parent":0,"menu_order":0,"comment_status":"closed","ping_status":"closed","template":"","meta":{"iawp_total_views":141,"footnotes":""},"class_list":["post-6","page","type-page","status-publish","hentry"],"_links":{"self":[{"href":"https:\/\/www.soter-conseil.fr\/index.php?rest_route=\/wp\/v2\/pages\/6","targetHints":{"allow":["GET"]}}],"collection":[{"href":"https:\/\/www.soter-conseil.fr\/index.php?rest_route=\/wp\/v2\/pages"}],"about":[{"href":"https:\/\/www.soter-conseil.fr\/index.php?rest_route=\/wp\/v2\/types\/page"}],"author":[{"embeddable":true,"href":"https:\/\/www.soter-conseil.fr\/index.php?rest_route=\/wp\/v2\/users\/1"}],"replies":[{"embeddable":true,"href":"https:\/\/www.soter-conseil.fr\/index.php?rest_route=%2Fwp%2Fv2%2Fcomments&post=6"}],"version-history":[{"count":14,"href":"https:\/\/www.soter-conseil.fr\/index.php?rest_route=\/wp\/v2\/pages\/6\/revisions"}],"predecessor-version":[{"id":373,"href":"https:\/\/www.soter-conseil.fr\/index.php?rest_route=\/wp\/v2\/pages\/6\/revisions\/373"}],"wp:attachment":[{"href":"https:\/\/www.soter-conseil.fr\/index.php?rest_route=%2Fwp%2Fv2%2Fmedia&parent=6"}],"curies":[{"name":"wp","href":"https:\/\/api.w.org\/{rel}","templated":true}]}}