{"id":85,"date":"2025-03-27T21:13:44","date_gmt":"2025-03-27T20:13:44","guid":{"rendered":"https:\/\/www.soter-conseil.fr\/?page_id=85"},"modified":"2025-03-27T23:54:02","modified_gmt":"2025-03-27T22:54:02","slug":"audit-flash","status":"publish","type":"page","link":"https:\/\/www.soter-conseil.fr\/?page_id=85","title":{"rendered":"Audit flash"},"content":{"rendered":"\n<h3 class=\"wp-block-heading\"><strong>Pourquoi des audits flash ?<\/strong><\/h3>\n\n\n\n<p>Pour valider en quelques heures le niveau de performance de votre organisation dans l&#8217;un des domaines cl\u00e9s de sa s\u00e9curit\u00e9. Identifiez les forces et les faiblesses de vos dispositifs et les axes d&#8217;am\u00e9lioration<\/p>\n\n\n\n<p>Nos audits flash se concentrent sur les points essentiels, r\u00e9pondent \u00e0 vos questions de mani\u00e8re pragmatique et nous permettent de vous proposer des pr\u00e9conisations dans un d\u00e9lai maitris\u00e9.<\/p>\n\n\n\n<p><strong>S\u00fbret\u00e9 de fonctionnement du SI<\/strong><\/p>\n\n\n\n<p><em>Etes-vous s\u00fbr de la fiabilit\u00e9 de votre syst\u00e8me d\u2019information et de sa capacit\u00e9 \u00e0 assurer le service attendu\u00a0? Avez-vous bien identifi\u00e9 les points de vigilance et \u00e9ventuels risques majeurs\u00a0?<\/em><\/p>\n\n\n\n<p><strong>S\u00fbret\u00e9<\/strong><\/p>\n\n\n\n<p><em>Vos biens et vos personnels sont-ils prot\u00e9g\u00e9s des actes malveillants\u00a0? Etes-vous \u00e0 l\u2019abri des intrusions, des vols ou des agressions ?<\/em><\/p>\n\n\n\n<p><strong>Cybers\u00e9curit\u00e9<\/strong><\/p>\n\n\n\n<p><em>Votre syst\u00e8me d&#8217;information est-il prot\u00e9g\u00e9 contre la cybercriminalit\u00e9, les intrusions informatiques et tentatives de d\u00e9tournements ?<\/em><\/p>\n\n\n\n<p><strong>Gestion de crise<\/strong><\/p>\n\n\n\n<p><em>Nous \u00e9valuons votre capacit\u00e9 \u00e0 g\u00e9rer une crise \u00e9ventuelle. Etes-vous pr\u00e9par\u00e9s ? Saurez-vous surmonter les pi\u00e8ges de la crise lorsqu&#8217;elle se pr\u00e9sentera ?\u00a0\u00a0Avez vous identifi\u00e9 les principales lignes de crises de votre entreprise<\/em> ?<\/p>\n\n\n<div class=\"wp-block-image\">\n<figure class=\"aligncenter size-large\"><img loading=\"lazy\" decoding=\"async\" width=\"640\" height=\"1024\" src=\"https:\/\/www.soter-conseil.fr\/wp-content\/uploads\/2025\/03\/audit-flash-2-2-640x1024.jpg\" alt=\"\" class=\"wp-image-94\" srcset=\"https:\/\/www.soter-conseil.fr\/wp-content\/uploads\/2025\/03\/audit-flash-2-2-640x1024.jpg 640w, https:\/\/www.soter-conseil.fr\/wp-content\/uploads\/2025\/03\/audit-flash-2-2-188x300.jpg 188w, https:\/\/www.soter-conseil.fr\/wp-content\/uploads\/2025\/03\/audit-flash-2-2-768x1228.jpg 768w, https:\/\/www.soter-conseil.fr\/wp-content\/uploads\/2025\/03\/audit-flash-2-2-960x1536.jpg 960w, https:\/\/www.soter-conseil.fr\/wp-content\/uploads\/2025\/03\/audit-flash-2-2-1280x2048.jpg 1280w, https:\/\/www.soter-conseil.fr\/wp-content\/uploads\/2025\/03\/audit-flash-2-2.jpg 1338w\" sizes=\"auto, (max-width: 640px) 100vw, 640px\" \/><\/figure>\n<\/div>","protected":false},"excerpt":{"rendered":"<p>Pourquoi des audits flash ?<\/p>\n<p>Pour valider en quelques heures le niveau de performance de votre organisation dans l&#8217;un des domaines cl\u00e9s de sa s\u00e9curit\u00e9. Identifiez les forces et les faiblesses &#8230;<\/p>\n","protected":false},"author":1,"featured_media":0,"parent":0,"menu_order":0,"comment_status":"closed","ping_status":"closed","template":"","meta":{"iawp_total_views":4,"footnotes":""},"class_list":["post-85","page","type-page","status-publish","hentry"],"_links":{"self":[{"href":"https:\/\/www.soter-conseil.fr\/index.php?rest_route=\/wp\/v2\/pages\/85","targetHints":{"allow":["GET"]}}],"collection":[{"href":"https:\/\/www.soter-conseil.fr\/index.php?rest_route=\/wp\/v2\/pages"}],"about":[{"href":"https:\/\/www.soter-conseil.fr\/index.php?rest_route=\/wp\/v2\/types\/page"}],"author":[{"embeddable":true,"href":"https:\/\/www.soter-conseil.fr\/index.php?rest_route=\/wp\/v2\/users\/1"}],"replies":[{"embeddable":true,"href":"https:\/\/www.soter-conseil.fr\/index.php?rest_route=%2Fwp%2Fv2%2Fcomments&post=85"}],"version-history":[{"count":3,"href":"https:\/\/www.soter-conseil.fr\/index.php?rest_route=\/wp\/v2\/pages\/85\/revisions"}],"predecessor-version":[{"id":95,"href":"https:\/\/www.soter-conseil.fr\/index.php?rest_route=\/wp\/v2\/pages\/85\/revisions\/95"}],"wp:attachment":[{"href":"https:\/\/www.soter-conseil.fr\/index.php?rest_route=%2Fwp%2Fv2%2Fmedia&parent=85"}],"curies":[{"name":"wp","href":"https:\/\/api.w.org\/{rel}","templated":true}]}}